{"id":11,"date":"2021-06-12T06:25:44","date_gmt":"2021-06-12T06:25:44","guid":{"rendered":"https:\/\/cronosgraphics.com\/index.php\/services\/"},"modified":"2023-10-24T17:02:53","modified_gmt":"2023-10-24T17:02:53","slug":"servicio","status":"publish","type":"page","link":"https:\/\/cronosgraphics.com\/index.php\/servicio\/","title":{"rendered":"Servicios"},"content":{"rendered":"\t\t<div data-elementor-type=\"wp-page\" data-elementor-id=\"11\" class=\"elementor elementor-11\">\n\t\t\t\t\t\t<section class=\"elementor-section elementor-top-section elementor-element elementor-element-623ea53 elementor-section-boxed elementor-section-height-default elementor-section-height-default\" data-id=\"623ea53\" data-element_type=\"section\" data-settings=\"{&quot;background_background&quot;:&quot;classic&quot;}\">\n\t\t\t\t\t\t\t<div class=\"elementor-background-overlay\"><\/div>\n\t\t\t\t\t\t\t<div class=\"elementor-container elementor-column-gap-no\">\n\t\t\t\t\t<div class=\"elementor-column elementor-col-100 elementor-top-column elementor-element elementor-element-21ddeff\" data-id=\"21ddeff\" data-element_type=\"column\">\n\t\t\t<div class=\"elementor-widget-wrap elementor-element-populated\">\n\t\t\t\t\t\t<div class=\"elementor-element elementor-element-a09d3bc elementor-widget elementor-widget-heading\" data-id=\"a09d3bc\" data-element_type=\"widget\" data-widget_type=\"heading.default\">\n\t\t\t\t<div class=\"elementor-widget-container\">\n\t\t\t\t\t<h1 class=\"elementor-heading-title elementor-size-default\">Servicios<\/h1>\t\t\t\t<\/div>\n\t\t\t\t<\/div>\n\t\t\t\t\t<\/div>\n\t\t<\/div>\n\t\t\t\t\t<\/div>\n\t\t<\/section>\n\t\t\t\t<section class=\"elementor-section elementor-top-section elementor-element elementor-element-e6eecd6 elementor-section-boxed elementor-section-height-default elementor-section-height-default\" data-id=\"e6eecd6\" data-element_type=\"section\" data-settings=\"{&quot;background_background&quot;:&quot;classic&quot;}\">\n\t\t\t\t\t\t\t<div class=\"elementor-background-overlay\"><\/div>\n\t\t\t\t\t\t\t<div class=\"elementor-container elementor-column-gap-no\">\n\t\t\t\t\t<div class=\"elementor-column elementor-col-100 elementor-top-column elementor-element elementor-element-75764c5\" data-id=\"75764c5\" data-element_type=\"column\">\n\t\t\t<div class=\"elementor-widget-wrap elementor-element-populated\">\n\t\t\t\t\t\t<div class=\"elementor-element elementor-element-ddf3868 elementor-widget elementor-widget-icon-box\" data-id=\"ddf3868\" data-element_type=\"widget\" data-widget_type=\"icon-box.default\">\n\t\t\t\t<div class=\"elementor-widget-container\">\n\t\t\t\t\t\t\t<div class=\"elementor-icon-box-wrapper\">\n\n\t\t\t\n\t\t\t\t\t\t<div class=\"elementor-icon-box-content\">\n\n\t\t\t\t\t\t\t\t\t<h2 class=\"elementor-icon-box-title\">\n\t\t\t\t\t\t<span  >\n\t\t\t\t\t\t\t\u00bfQuienes son Cronos?\t\t\t\t\t\t<\/span>\n\t\t\t\t\t<\/h2>\n\t\t\t\t\n\t\t\t\t\t\t\t\t\t<p class=\"elementor-icon-box-description\">\n\t\t\t\t\t\tEn nuestra empresa, contamos con un equipo de expertos en dise\u00f1o gr\u00e1fico con m\u00e1s de 5 a\u00f1os de experiencia en la industria. Nos especializamos en impulsar y fortalecer marcas a trav\u00e9s de una amplia variedad de estrategias digitales. Nuestro conjunto de habilidades incluye dise\u00f1o gr\u00e1fico y digital de vanguardia, desarrollo web de alto nivel, estrategias de SEO para posicionar tu marca en lo m\u00e1s alto, creaci\u00f3n de una identidad de marca distintiva, producci\u00f3n de contenido multimedia impactante y soluciones publicitarias creativas. Adem\u00e1s, nuestra experiencia se extiende a la creaci\u00f3n de contenido dise\u00f1ado para fomentar la construcci\u00f3n de comunidades en l\u00ednea. \n\nCon nosotros, tu marca se beneficiar\u00e1 de estrategias digitales efectivas y creativas que te ayudar\u00e1n a destacarte en el mercado y a conectar de manera significativa con tu audiencia.\t\t\t\t\t<\/p>\n\t\t\t\t\n\t\t\t<\/div>\n\t\t\t\n\t\t<\/div>\n\t\t\t\t\t\t<\/div>\n\t\t\t\t<\/div>\n\t\t\t\t<div class=\"elementor-element elementor-element-dd9638b elementor-widget elementor-widget-icon-box\" data-id=\"dd9638b\" data-element_type=\"widget\" data-widget_type=\"icon-box.default\">\n\t\t\t\t<div class=\"elementor-widget-container\">\n\t\t\t\t\t\t\t<div class=\"elementor-icon-box-wrapper\">\n\n\t\t\t\n\t\t\t\t\t\t<div class=\"elementor-icon-box-content\">\n\n\t\t\t\t\t\t\t\t\t<h6 class=\"elementor-icon-box-title\">\n\t\t\t\t\t\t<span  >\n\t\t\t\t\t\t\tVideograf\u00eda & Fotograf\u00eda\t\t\t\t\t\t<\/span>\n\t\t\t\t\t<\/h6>\n\t\t\t\t\n\t\t\t\t\t\t\t\t\t<p class=\"elementor-icon-box-description\">\n\t\t\t\t\t\tCapturamos tus momentos m\u00e1s especiales con la magia del video. Nuestro equipo de expertos en videograf\u00eda utiliza tecnolog\u00eda de vanguardia y creatividad para dar vida a tus recuerdos y contar historias inolvidables. Cautivamos instantes con im\u00e1genes impactantes que narran tus historias. \t\t\t\t\t<\/p>\n\t\t\t\t\n\t\t\t<\/div>\n\t\t\t\n\t\t<\/div>\n\t\t\t\t\t\t<\/div>\n\t\t\t\t<\/div>\n\t\t\t\t<div class=\"elementor-element elementor-element-a3030da elementor-widget elementor-widget-heading\" data-id=\"a3030da\" data-element_type=\"widget\" data-widget_type=\"heading.default\">\n\t\t\t\t<div class=\"elementor-widget-container\">\n\t\t\t\t\t<h6 class=\"elementor-heading-title elementor-size-default\">Nuestros Servicios<\/h6>\t\t\t\t<\/div>\n\t\t\t\t<\/div>\n\t\t\t\t<div class=\"elementor-element elementor-element-1dbc89b elementor-widget elementor-widget-heading\" data-id=\"1dbc89b\" data-element_type=\"widget\" data-widget_type=\"heading.default\">\n\t\t\t\t<div class=\"elementor-widget-container\">\n\t\t\t\t\t<h2 class=\"elementor-heading-title elementor-size-default\">Tenemos lo que necesitas<\/h2>\t\t\t\t<\/div>\n\t\t\t\t<\/div>\n\t\t\t\t<div class=\"elementor-element elementor-element-b9529bc elementor-widget__width-initial elementor-widget-tablet__width-initial elementor-widget-mobile__width-inherit elementor-position-top elementor-widget elementor-widget-image-box\" data-id=\"b9529bc\" data-element_type=\"widget\" data-widget_type=\"image-box.default\">\n\t\t\t\t<div class=\"elementor-widget-container\">\n\t\t\t\t\t<div class=\"elementor-image-box-wrapper\"><figure class=\"elementor-image-box-img\"><img fetchpriority=\"high\" decoding=\"async\" width=\"1800\" height=\"1200\" src=\"https:\/\/cronosgraphics.com\/wp-content\/uploads\/2023\/10\/6.png\" class=\"attachment-full size-full wp-image-2435\" alt=\"\" srcset=\"https:\/\/cronosgraphics.com\/wp-content\/uploads\/2023\/10\/6.png 1800w, https:\/\/cronosgraphics.com\/wp-content\/uploads\/2023\/10\/6-300x200.png 300w, https:\/\/cronosgraphics.com\/wp-content\/uploads\/2023\/10\/6-1024x683.png 1024w, https:\/\/cronosgraphics.com\/wp-content\/uploads\/2023\/10\/6-768x512.png 768w, https:\/\/cronosgraphics.com\/wp-content\/uploads\/2023\/10\/6-1536x1024.png 1536w\" sizes=\"(max-width: 1800px) 100vw, 1800px\" \/><\/figure><div class=\"elementor-image-box-content\"><h4 class=\"elementor-image-box-title\">Videograf\u00eda & Fotograf\u00eda<\/h4><p class=\"elementor-image-box-description\">Capturamos tus momentos m\u00e1s especiales con la magia del video. Nuestro equipo de expertos en videograf\u00eda utiliza tecnolog\u00eda de vanguardia y creatividad para dar vida a tus recuerdos y contar historias inolvidables. Cautivamos instantes con im\u00e1genes impactantes que narran tus historias. <\/p><\/div><\/div>\t\t\t\t<\/div>\n\t\t\t\t<\/div>\n\t\t\t\t<div class=\"elementor-element elementor-element-1ee8e7c elementor-widget__width-initial elementor-widget-tablet__width-initial elementor-widget-mobile__width-inherit elementor-position-top elementor-widget elementor-widget-image-box\" data-id=\"1ee8e7c\" data-element_type=\"widget\" data-widget_type=\"image-box.default\">\n\t\t\t\t<div class=\"elementor-widget-container\">\n\t\t\t\t\t<div class=\"elementor-image-box-wrapper\"><figure class=\"elementor-image-box-img\"><img decoding=\"async\" width=\"1800\" height=\"1200\" src=\"https:\/\/cronosgraphics.com\/wp-content\/uploads\/2023\/10\/5.png\" class=\"attachment-full size-full wp-image-2434\" alt=\"\" srcset=\"https:\/\/cronosgraphics.com\/wp-content\/uploads\/2023\/10\/5.png 1800w, https:\/\/cronosgraphics.com\/wp-content\/uploads\/2023\/10\/5-300x200.png 300w, https:\/\/cronosgraphics.com\/wp-content\/uploads\/2023\/10\/5-1024x683.png 1024w, https:\/\/cronosgraphics.com\/wp-content\/uploads\/2023\/10\/5-768x512.png 768w, https:\/\/cronosgraphics.com\/wp-content\/uploads\/2023\/10\/5-1536x1024.png 1536w\" sizes=\"(max-width: 1800px) 100vw, 1800px\" \/><\/figure><div class=\"elementor-image-box-content\"><h4 class=\"elementor-image-box-title\">Marketing Digital<\/h4><p class=\"elementor-image-box-description\">Potenciamos tu presencia en l\u00ednea a trav\u00e9s de estrategias digitales de vanguardia. Nuestro equipo de expertos en marketing digital trabaja incansablemente para aumentar tu visibilidad, atraer clientes y mejorar tu impacto en la web. Descubre c\u00f3mo podemos impulsar tu marca en el mundo digital.<\/p><\/div><\/div>\t\t\t\t<\/div>\n\t\t\t\t<\/div>\n\t\t\t\t<div class=\"elementor-element elementor-element-cd7a0c6 elementor-widget__width-initial elementor-widget-tablet__width-initial elementor-widget-mobile__width-inherit elementor-position-top elementor-widget elementor-widget-image-box\" data-id=\"cd7a0c6\" data-element_type=\"widget\" data-widget_type=\"image-box.default\">\n\t\t\t\t<div class=\"elementor-widget-container\">\n\t\t\t\t\t<div class=\"elementor-image-box-wrapper\"><figure class=\"elementor-image-box-img\"><img decoding=\"async\" width=\"1800\" height=\"1200\" src=\"https:\/\/cronosgraphics.com\/wp-content\/uploads\/2023\/10\/9.png\" class=\"attachment-full size-full wp-image-2501\" alt=\"\" srcset=\"https:\/\/cronosgraphics.com\/wp-content\/uploads\/2023\/10\/9.png 1800w, https:\/\/cronosgraphics.com\/wp-content\/uploads\/2023\/10\/9-300x200.png 300w, https:\/\/cronosgraphics.com\/wp-content\/uploads\/2023\/10\/9-1024x683.png 1024w, https:\/\/cronosgraphics.com\/wp-content\/uploads\/2023\/10\/9-768x512.png 768w, https:\/\/cronosgraphics.com\/wp-content\/uploads\/2023\/10\/9-1536x1024.png 1536w\" sizes=\"(max-width: 1800px) 100vw, 1800px\" \/><\/figure><div class=\"elementor-image-box-content\"><h4 class=\"elementor-image-box-title\">Dise\u00f1o Grafico<\/h4><p class=\"elementor-image-box-description\">Transformamos ideas en im\u00e1genes impactantes. Como dise\u00f1adores gr\u00e1ficos, damos vida a tu visi\u00f3n creativa. Creamos logotipos, gr\u00e1ficos, y elementos visuales que cuentan tu historia de manera \u00fanica y atractiva. Conf\u00eda en nuestra experiencia en dise\u00f1o para destacar y comunicar efectivamente tu mensaje.<\/p><\/div><\/div>\t\t\t\t<\/div>\n\t\t\t\t<\/div>\n\t\t\t\t\t<\/div>\n\t\t<\/div>\n\t\t\t\t\t<\/div>\n\t\t<\/section>\n\t\t\t\t<\/div>\n\t\t","protected":false},"excerpt":{"rendered":"<p>Servicios \u00bfQuienes son Cronos? En nuestra empresa, contamos con un equipo de expertos en dise\u00f1o gr\u00e1fico con m\u00e1s de 5 a\u00f1os de experiencia en la industria. Nos especializamos en impulsar y fortalecer marcas a trav\u00e9s de una amplia variedad de estrategias digitales. Nuestro conjunto de habilidades incluye dise\u00f1o gr\u00e1fico y digital de vanguardia, desarrollo web &hellip;<\/p>\n<p class=\"read-more\"> <a class=\"\" href=\"https:\/\/cronosgraphics.com\/index.php\/servicio\/\"> <span class=\"screen-reader-text\">Servicios<\/span> Leer m\u00e1s &raquo;<\/a><\/p>\n","protected":false},"author":1,"featured_media":0,"parent":0,"menu_order":0,"comment_status":"closed","ping_status":"closed","template":"","meta":{"_uag_custom_page_level_css":"","site-sidebar-layout":"no-sidebar","site-content-layout":"page-builder","ast-global-header-display":"","ast-banner-title-visibility":"","ast-main-header-display":"","ast-hfb-above-header-display":"","ast-hfb-below-header-display":"","ast-hfb-mobile-header-display":"","site-post-title":"disabled","ast-breadcrumbs-content":"disabled","ast-featured-img":"disabled","footer-sml-layout":"","theme-transparent-header-meta":"enabled","adv-header-id-meta":"","stick-header-meta":"","header-above-stick-meta":"","header-main-stick-meta":"","header-below-stick-meta":"","footnotes":""},"uagb_featured_image_src":{"full":false,"thumbnail":false,"medium":false,"medium_large":false,"large":false,"1536x1536":false,"2048x2048":false},"uagb_author_info":{"display_name":"cronosgraphics.com","author_link":"https:\/\/cronosgraphics.com\/index.php\/author\/cronosgraphics-com\/"},"uagb_comment_info":0,"uagb_excerpt":"Servicios \u00bfQuienes son Cronos? En nuestra empresa, contamos con un equipo de expertos en dise\u00f1o gr\u00e1fico con m\u00e1s de 5 a\u00f1os de experiencia en la industria. Nos especializamos en impulsar y fortalecer marcas a trav\u00e9s de una amplia variedad de estrategias digitales. Nuestro conjunto de habilidades incluye dise\u00f1o gr\u00e1fico y digital de vanguardia, desarrollo web&hellip;","_links":{"self":[{"href":"https:\/\/cronosgraphics.com\/index.php\/wp-json\/wp\/v2\/pages\/11"}],"collection":[{"href":"https:\/\/cronosgraphics.com\/index.php\/wp-json\/wp\/v2\/pages"}],"about":[{"href":"https:\/\/cronosgraphics.com\/index.php\/wp-json\/wp\/v2\/types\/page"}],"author":[{"embeddable":true,"href":"https:\/\/cronosgraphics.com\/index.php\/wp-json\/wp\/v2\/users\/1"}],"replies":[{"embeddable":true,"href":"https:\/\/cronosgraphics.com\/index.php\/wp-json\/wp\/v2\/comments?post=11"}],"version-history":[{"count":6,"href":"https:\/\/cronosgraphics.com\/index.php\/wp-json\/wp\/v2\/pages\/11\/revisions"}],"predecessor-version":[{"id":2507,"href":"https:\/\/cronosgraphics.com\/index.php\/wp-json\/wp\/v2\/pages\/11\/revisions\/2507"}],"wp:attachment":[{"href":"https:\/\/cronosgraphics.com\/index.php\/wp-json\/wp\/v2\/media?parent=11"}],"curies":[{"name":"wp","href":"https:\/\/api.w.org\/{rel}","templated":true}]}}