{"id":2423,"date":"2021-06-12T06:25:18","date_gmt":"2021-06-12T06:25:18","guid":{"rendered":"https:\/\/cronosgraphics.com\/index.php\/about\/"},"modified":"2023-10-27T14:22:50","modified_gmt":"2023-10-27T14:22:50","slug":"sobre-nosotros","status":"publish","type":"page","link":"https:\/\/cronosgraphics.com\/index.php\/sobre-nosotros\/","title":{"rendered":"Sobre Nosotros"},"content":{"rendered":"\t\t<div data-elementor-type=\"wp-page\" data-elementor-id=\"2423\" class=\"elementor elementor-2423\">\n\t\t\t\t\t\t<section class=\"elementor-section elementor-top-section elementor-element elementor-element-2e7999a elementor-section-boxed elementor-section-height-default elementor-section-height-default\" data-id=\"2e7999a\" data-element_type=\"section\" data-settings=\"{&quot;background_background&quot;:&quot;classic&quot;}\">\n\t\t\t\t\t\t\t<div class=\"elementor-background-overlay\"><\/div>\n\t\t\t\t\t\t\t<div class=\"elementor-container elementor-column-gap-no\">\n\t\t\t\t\t<div class=\"elementor-column elementor-col-100 elementor-top-column elementor-element elementor-element-1c4544c\" data-id=\"1c4544c\" data-element_type=\"column\">\n\t\t\t<div class=\"elementor-widget-wrap elementor-element-populated\">\n\t\t\t\t\t\t<div class=\"elementor-element elementor-element-14d7be3 elementor-widget elementor-widget-heading\" data-id=\"14d7be3\" data-element_type=\"widget\" data-widget_type=\"heading.default\">\n\t\t\t\t<div class=\"elementor-widget-container\">\n\t\t\t\t\t<h1 class=\"elementor-heading-title elementor-size-default\">Sobre Nosotros<\/h1>\t\t\t\t<\/div>\n\t\t\t\t<\/div>\n\t\t\t\t\t<\/div>\n\t\t<\/div>\n\t\t\t\t\t<\/div>\n\t\t<\/section>\n\t\t\t\t<section class=\"elementor-section elementor-top-section elementor-element elementor-element-a93634e elementor-section-boxed elementor-section-height-default elementor-section-height-default\" data-id=\"a93634e\" data-element_type=\"section\" data-settings=\"{&quot;background_background&quot;:&quot;classic&quot;}\">\n\t\t\t\t\t\t<div class=\"elementor-container elementor-column-gap-default\">\n\t\t\t\t\t<div class=\"elementor-column elementor-col-100 elementor-top-column elementor-element elementor-element-cd42787\" data-id=\"cd42787\" data-element_type=\"column\">\n\t\t\t<div class=\"elementor-widget-wrap\">\n\t\t\t\t\t\t\t<\/div>\n\t\t<\/div>\n\t\t\t\t\t<\/div>\n\t\t<\/section>\n\t\t\t\t<section class=\"elementor-section elementor-top-section elementor-element elementor-element-d21b3db elementor-section-boxed elementor-section-height-default elementor-section-height-default\" data-id=\"d21b3db\" data-element_type=\"section\" data-settings=\"{&quot;background_background&quot;:&quot;classic&quot;}\">\n\t\t\t\t\t\t<div class=\"elementor-container elementor-column-gap-default\">\n\t\t\t\t\t<div class=\"elementor-column elementor-col-50 elementor-top-column elementor-element elementor-element-a5164b7\" data-id=\"a5164b7\" data-element_type=\"column\">\n\t\t\t<div class=\"elementor-widget-wrap elementor-element-populated\">\n\t\t\t\t\t\t<div class=\"elementor-element elementor-element-92d2ff8 elementor-widget elementor-widget-heading\" data-id=\"92d2ff8\" data-element_type=\"widget\" data-widget_type=\"heading.default\">\n\t\t\t\t<div class=\"elementor-widget-container\">\n\t\t\t\t\t<h6 class=\"elementor-heading-title elementor-size-default\">Nosotros<\/h6>\t\t\t\t<\/div>\n\t\t\t\t<\/div>\n\t\t\t\t<div class=\"elementor-element elementor-element-916f03e elementor-vertical-align-top elementor-widget elementor-widget-icon-box\" data-id=\"916f03e\" data-element_type=\"widget\" data-widget_type=\"icon-box.default\">\n\t\t\t\t<div class=\"elementor-widget-container\">\n\t\t\t\t\t\t\t<div class=\"elementor-icon-box-wrapper\">\n\n\t\t\t\n\t\t\t\t\t\t<div class=\"elementor-icon-box-content\">\n\n\t\t\t\t\t\t\t\t\t<h2 class=\"elementor-icon-box-title\">\n\t\t\t\t\t\t<span  >\n\t\t\t\t\t\t\tCRONOS.\t\t\t\t\t\t<\/span>\n\t\t\t\t\t<\/h2>\n\t\t\t\t\n\t\t\t\t\t\t\t\t\t<p class=\"elementor-icon-box-description\">\n\t\t\t\t\t\tEn nuestra empresa, contamos con un equipo de expertos en dise\u00f1o gr\u00e1fico con m\u00e1s de 5 a\u00f1os de experiencia en la industria. Nos especializamos en impulsar y fortalecer marcas a trav\u00e9s de una amplia variedad de estrategias digitales. Nuestro conjunto de habilidades incluye dise\u00f1o gr\u00e1fico y digital de vanguardia, desarrollo web de alto nivel, estrategias de SEO para posicionar tu marca en lo m\u00e1s alto, creaci\u00f3n de una identidad de marca distintiva, producci\u00f3n de contenido multimedia impactante y soluciones publicitarias creativas. Adem\u00e1s, nuestra experiencia se extiende a la creaci\u00f3n de contenido dise\u00f1ado para fomentar la construcci\u00f3n de comunidades en l\u00ednea. \t\t\t\t\t<\/p>\n\t\t\t\t\n\t\t\t<\/div>\n\t\t\t\n\t\t<\/div>\n\t\t\t\t\t\t<\/div>\n\t\t\t\t<\/div>\n\t\t\t\t\t<\/div>\n\t\t<\/div>\n\t\t\t\t<div class=\"elementor-column elementor-col-50 elementor-top-column elementor-element elementor-element-f3df490\" data-id=\"f3df490\" data-element_type=\"column\">\n\t\t\t<div class=\"elementor-widget-wrap elementor-element-populated\">\n\t\t\t\t\t\t<div class=\"elementor-element elementor-element-bc3bfca elementor-widget elementor-widget-icon-box\" data-id=\"bc3bfca\" data-element_type=\"widget\" data-widget_type=\"icon-box.default\">\n\t\t\t\t<div class=\"elementor-widget-container\">\n\t\t\t\t\t\t\t<div class=\"elementor-icon-box-wrapper\">\n\n\t\t\t\n\t\t\t\t\t\t<div class=\"elementor-icon-box-content\">\n\n\t\t\t\t\t\t\t\t\t<h6 class=\"elementor-icon-box-title\">\n\t\t\t\t\t\t<span  >\n\t\t\t\t\t\t\tNecesitas Ayuda?\t\t\t\t\t\t<\/span>\n\t\t\t\t\t<\/h6>\n\t\t\t\t\n\t\t\t\t\t\t\t\t\t<p class=\"elementor-icon-box-description\">\n\t\t\t\t\t\t+1 787-930-4035 or contact@cronosgraphicspr.com<br>\t\t\t\t\t<\/p>\n\t\t\t\t\n\t\t\t<\/div>\n\t\t\t\n\t\t<\/div>\n\t\t\t\t\t\t<\/div>\n\t\t\t\t<\/div>\n\t\t\t\t<div class=\"elementor-element elementor-element-8d480b5 elementor-vertical-align-middle elementor-widget elementor-widget-image-box\" data-id=\"8d480b5\" data-element_type=\"widget\" data-widget_type=\"image-box.default\">\n\t\t\t\t<div class=\"elementor-widget-container\">\n\t\t\t\t\t<div class=\"elementor-image-box-wrapper\"><div class=\"elementor-image-box-content\"><h6 class=\"elementor-image-box-title\">Gabriel Rivera<\/h6><p class=\"elementor-image-box-description\">CEO<\/p><\/div><\/div>\t\t\t\t<\/div>\n\t\t\t\t<\/div>\n\t\t\t\t\t<\/div>\n\t\t<\/div>\n\t\t\t\t\t<\/div>\n\t\t<\/section>\n\t\t\t\t<section class=\"elementor-section elementor-top-section elementor-element elementor-element-89a35de elementor-section-boxed elementor-section-height-default elementor-section-height-default\" data-id=\"89a35de\" data-element_type=\"section\" data-settings=\"{&quot;background_background&quot;:&quot;classic&quot;}\">\n\t\t\t\t\t\t\t<div class=\"elementor-background-overlay\"><\/div>\n\t\t\t\t\t\t\t<div class=\"elementor-container elementor-column-gap-no\">\n\t\t\t\t\t<div class=\"elementor-column elementor-col-100 elementor-top-column elementor-element elementor-element-75083ab\" data-id=\"75083ab\" data-element_type=\"column\">\n\t\t\t<div class=\"elementor-widget-wrap elementor-element-populated\">\n\t\t\t\t\t\t<div class=\"elementor-element elementor-element-3a1b278 elementor-widget elementor-widget-heading\" data-id=\"3a1b278\" data-element_type=\"widget\" data-widget_type=\"heading.default\">\n\t\t\t\t<div class=\"elementor-widget-container\">\n\t\t\t\t\t<h6 class=\"elementor-heading-title elementor-size-default\">HISTORIA<\/h6>\t\t\t\t<\/div>\n\t\t\t\t<\/div>\n\t\t\t\t<div class=\"elementor-element elementor-element-efb3fa4 elementor-widget elementor-widget-heading\" data-id=\"efb3fa4\" data-element_type=\"widget\" data-widget_type=\"heading.default\">\n\t\t\t\t<div class=\"elementor-widget-container\">\n\t\t\t\t\t<h2 class=\"elementor-heading-title elementor-size-default\">CRONOS.<\/h2>\t\t\t\t<\/div>\n\t\t\t\t<\/div>\n\t\t\t\t<section class=\"elementor-section elementor-inner-section elementor-element elementor-element-66ad666 elementor-section-boxed elementor-section-height-default elementor-section-height-default\" data-id=\"66ad666\" data-element_type=\"section\">\n\t\t\t\t\t\t<div class=\"elementor-container elementor-column-gap-default\">\n\t\t\t\t\t<div class=\"elementor-column elementor-col-100 elementor-inner-column elementor-element elementor-element-2c67b39\" data-id=\"2c67b39\" data-element_type=\"column\">\n\t\t\t<div class=\"elementor-widget-wrap elementor-element-populated\">\n\t\t\t\t\t\t<div class=\"elementor-element elementor-element-6906b3c elementor-widget elementor-widget-heading\" data-id=\"6906b3c\" data-element_type=\"widget\" data-widget_type=\"heading.default\">\n\t\t\t\t<div class=\"elementor-widget-container\">\n\t\t\t\t\t<h6 class=\"elementor-heading-title elementor-size-default\">2018 - 2023<\/h6>\t\t\t\t<\/div>\n\t\t\t\t<\/div>\n\t\t\t\t<div class=\"elementor-element elementor-element-419ae72 elementor-widget elementor-widget-icon-box\" data-id=\"419ae72\" data-element_type=\"widget\" data-widget_type=\"icon-box.default\">\n\t\t\t\t<div class=\"elementor-widget-container\">\n\t\t\t\t\t\t\t<div class=\"elementor-icon-box-wrapper\">\n\n\t\t\t\n\t\t\t\t\t\t<div class=\"elementor-icon-box-content\">\n\n\t\t\t\t\t\t\t\t\t<h4 class=\"elementor-icon-box-title\">\n\t\t\t\t\t\t<span  >\n\t\t\t\t\t\t\tA\u00f1os de Experiencia \t\t\t\t\t\t<\/span>\n\t\t\t\t\t<\/h4>\n\t\t\t\t\n\t\t\t\t\t\t\t\t\t<p class=\"elementor-icon-box-description\">\n\t\t\t\t\t\tNuestra experiencia con m\u00e1s de 5 a\u00f1os se extiende a la creaci\u00f3n de contenido dise\u00f1ado para fomentar la construcci\u00f3n de comunidades en l\u00ednea. Con nosotros, tu marca se beneficiar\u00e1 de estrategias digitales efectivas y creativas que te ayudar\u00e1n a destacarte en el mercado y a conectar de manera significativa con tu audiencia.\t\t\t\t\t<\/p>\n\t\t\t\t\n\t\t\t<\/div>\n\t\t\t\n\t\t<\/div>\n\t\t\t\t\t\t<\/div>\n\t\t\t\t<\/div>\n\t\t\t\t\t<\/div>\n\t\t<\/div>\n\t\t\t\t\t<\/div>\n\t\t<\/section>\n\t\t\t\t\t<\/div>\n\t\t<\/div>\n\t\t\t\t\t<\/div>\n\t\t<\/section>\n\t\t\t\t<section class=\"elementor-section elementor-top-section elementor-element elementor-element-0d86802 elementor-section-boxed elementor-section-height-default elementor-section-height-default\" data-id=\"0d86802\" data-element_type=\"section\" data-settings=\"{&quot;background_background&quot;:&quot;classic&quot;}\">\n\t\t\t\t\t\t\t<div class=\"elementor-background-overlay\"><\/div>\n\t\t\t\t\t\t\t<div class=\"elementor-container elementor-column-gap-no\">\n\t\t\t\t\t<div class=\"elementor-column elementor-col-100 elementor-top-column elementor-element elementor-element-6b86419\" data-id=\"6b86419\" data-element_type=\"column\">\n\t\t\t<div class=\"elementor-widget-wrap elementor-element-populated\">\n\t\t\t\t\t\t<div class=\"elementor-element elementor-element-bfb02d7 elementor-widget elementor-widget-heading\" data-id=\"bfb02d7\" data-element_type=\"widget\" data-widget_type=\"heading.default\">\n\t\t\t\t<div class=\"elementor-widget-container\">\n\t\t\t\t\t<h6 class=\"elementor-heading-title elementor-size-default\">SOMOS TU MEJOR OPCION<\/h6>\t\t\t\t<\/div>\n\t\t\t\t<\/div>\n\t\t\t\t<div class=\"elementor-element elementor-element-93565cc elementor-widget elementor-widget-heading\" data-id=\"93565cc\" data-element_type=\"widget\" data-widget_type=\"heading.default\">\n\t\t\t\t<div class=\"elementor-widget-container\">\n\t\t\t\t\t<h2 class=\"elementor-heading-title elementor-size-default\">\u00a1El verdadero dream team!<\/h2>\t\t\t\t<\/div>\n\t\t\t\t<\/div>\n\t\t\t\t<section class=\"elementor-section elementor-inner-section elementor-element elementor-element-51098b1 elementor-section-boxed elementor-section-height-default elementor-section-height-default\" data-id=\"51098b1\" data-element_type=\"section\">\n\t\t\t\t\t\t<div class=\"elementor-container elementor-column-gap-default\">\n\t\t\t\t\t<div class=\"elementor-column elementor-col-33 elementor-inner-column elementor-element elementor-element-cb754e1\" data-id=\"cb754e1\" data-element_type=\"column\" data-settings=\"{&quot;background_background&quot;:&quot;classic&quot;}\">\n\t\t\t<div class=\"elementor-widget-wrap elementor-element-populated\">\n\t\t\t\t\t\t<div class=\"elementor-element elementor-element-4751529 elementor-view-default elementor-position-top elementor-mobile-position-top elementor-widget elementor-widget-icon-box\" data-id=\"4751529\" data-element_type=\"widget\" data-widget_type=\"icon-box.default\">\n\t\t\t\t<div class=\"elementor-widget-container\">\n\t\t\t\t\t\t\t<div class=\"elementor-icon-box-wrapper\">\n\n\t\t\t\t\t\t<div class=\"elementor-icon-box-icon\">\n\t\t\t\t<span  class=\"elementor-icon\">\n\t\t\t\t<i aria-hidden=\"true\" class=\"far fa-check-circle\"><\/i>\t\t\t\t<\/span>\n\t\t\t<\/div>\n\t\t\t\n\t\t\t\t\t\t<div class=\"elementor-icon-box-content\">\n\n\t\t\t\t\t\t\t\t\t<h6 class=\"elementor-icon-box-title\">\n\t\t\t\t\t\t<span  >\n\t\t\t\t\t\t\tAcreditados\t\t\t\t\t\t<\/span>\n\t\t\t\t\t<\/h6>\n\t\t\t\t\n\t\t\t\t\t\t\t\t\t<p class=\"elementor-icon-box-description\">\n\t\t\t\t\t\tSomos una empresa acreditada que cumple con los est\u00e1ndares m\u00e1s exigentes de la industria. Nuestra reputaci\u00f3n est\u00e1 respaldada por a\u00f1os de servicio excepcional.\t\t\t\t\t<\/p>\n\t\t\t\t\n\t\t\t<\/div>\n\t\t\t\n\t\t<\/div>\n\t\t\t\t\t\t<\/div>\n\t\t\t\t<\/div>\n\t\t\t\t\t<\/div>\n\t\t<\/div>\n\t\t\t\t<div class=\"elementor-column elementor-col-33 elementor-inner-column elementor-element elementor-element-fe6d56c\" data-id=\"fe6d56c\" data-element_type=\"column\" data-settings=\"{&quot;background_background&quot;:&quot;classic&quot;}\">\n\t\t\t<div class=\"elementor-widget-wrap elementor-element-populated\">\n\t\t\t\t\t\t<div class=\"elementor-element elementor-element-4b1bfd1 elementor-view-default elementor-position-top elementor-mobile-position-top elementor-widget elementor-widget-icon-box\" data-id=\"4b1bfd1\" data-element_type=\"widget\" data-widget_type=\"icon-box.default\">\n\t\t\t\t<div class=\"elementor-widget-container\">\n\t\t\t\t\t\t\t<div class=\"elementor-icon-box-wrapper\">\n\n\t\t\t\t\t\t<div class=\"elementor-icon-box-icon\">\n\t\t\t\t<span  class=\"elementor-icon\">\n\t\t\t\t<i aria-hidden=\"true\" class=\"fas fa-user-shield\"><\/i>\t\t\t\t<\/span>\n\t\t\t<\/div>\n\t\t\t\n\t\t\t\t\t\t<div class=\"elementor-icon-box-content\">\n\n\t\t\t\t\t\t\t\t\t<h6 class=\"elementor-icon-box-title\">\n\t\t\t\t\t\t<span  >\n\t\t\t\t\t\t\tGarant\u00eda 100%\t\t\t\t\t\t<\/span>\n\t\t\t\t\t<\/h6>\n\t\t\t\t\n\t\t\t\t\t\t\t\t\t<p class=\"elementor-icon-box-description\">\n\t\t\t\t\t\t Excelencia en cada servicio, 100% asegurada.\t\t\t\t\t<\/p>\n\t\t\t\t\n\t\t\t<\/div>\n\t\t\t\n\t\t<\/div>\n\t\t\t\t\t\t<\/div>\n\t\t\t\t<\/div>\n\t\t\t\t\t<\/div>\n\t\t<\/div>\n\t\t\t\t<div class=\"elementor-column elementor-col-33 elementor-inner-column elementor-element elementor-element-d50f02c\" data-id=\"d50f02c\" data-element_type=\"column\" data-settings=\"{&quot;background_background&quot;:&quot;classic&quot;}\">\n\t\t\t<div class=\"elementor-widget-wrap elementor-element-populated\">\n\t\t\t\t\t\t<div class=\"elementor-element elementor-element-dd960d7 elementor-view-default elementor-position-top elementor-mobile-position-top elementor-widget elementor-widget-icon-box\" data-id=\"dd960d7\" data-element_type=\"widget\" data-widget_type=\"icon-box.default\">\n\t\t\t\t<div class=\"elementor-widget-container\">\n\t\t\t\t\t\t\t<div class=\"elementor-icon-box-wrapper\">\n\n\t\t\t\t\t\t<div class=\"elementor-icon-box-icon\">\n\t\t\t\t<span  class=\"elementor-icon\">\n\t\t\t\t<i aria-hidden=\"true\" class=\"fas fa-award\"><\/i>\t\t\t\t<\/span>\n\t\t\t<\/div>\n\t\t\t\n\t\t\t\t\t\t<div class=\"elementor-icon-box-content\">\n\n\t\t\t\t\t\t\t\t\t<h6 class=\"elementor-icon-box-title\">\n\t\t\t\t\t\t<span  >\n\t\t\t\t\t\t\tMateriales de Calidad\t\t\t\t\t\t<\/span>\n\t\t\t\t\t<\/h6>\n\t\t\t\t\n\t\t\t\t\t\t\t\t\t<p class=\"elementor-icon-box-description\">\n\t\t\t\t\t\t<span style=\"white-space-collapse: collapse;\">Utilizamos materiales de primera calidad en cada proyecto, asegurando que tus expectativas se cumplan con resultados duraderos y excepcionales.<\/span>. \t\t\t\t\t<\/p>\n\t\t\t\t\n\t\t\t<\/div>\n\t\t\t\n\t\t<\/div>\n\t\t\t\t\t\t<\/div>\n\t\t\t\t<\/div>\n\t\t\t\t\t<\/div>\n\t\t<\/div>\n\t\t\t\t\t<\/div>\n\t\t<\/section>\n\t\t\t\t\t<\/div>\n\t\t<\/div>\n\t\t\t\t\t<\/div>\n\t\t<\/section>\n\t\t\t\t<section class=\"elementor-section elementor-top-section elementor-element elementor-element-bf5cb4d elementor-section-boxed elementor-section-height-default elementor-section-height-default\" data-id=\"bf5cb4d\" data-element_type=\"section\" data-settings=\"{&quot;background_background&quot;:&quot;classic&quot;}\">\n\t\t\t\t\t\t<div class=\"elementor-container elementor-column-gap-no\">\n\t\t\t\t\t<div class=\"elementor-column elementor-col-100 elementor-top-column elementor-element elementor-element-fe4e252\" data-id=\"fe4e252\" data-element_type=\"column\">\n\t\t\t<div class=\"elementor-widget-wrap elementor-element-populated\">\n\t\t\t\t\t\t<div class=\"elementor-element elementor-element-4d11309 elementor-widget elementor-widget-heading\" data-id=\"4d11309\" data-element_type=\"widget\" data-widget_type=\"heading.default\">\n\t\t\t\t<div class=\"elementor-widget-container\">\n\t\t\t\t\t<h6 class=\"elementor-heading-title elementor-size-default\">WE MAKE YOUR BRAND SHINE<\/h6>\t\t\t\t<\/div>\n\t\t\t\t<\/div>\n\t\t\t\t<div class=\"elementor-element elementor-element-5052922 elementor-widget elementor-widget-heading\" data-id=\"5052922\" data-element_type=\"widget\" data-widget_type=\"heading.default\">\n\t\t\t\t<div class=\"elementor-widget-container\">\n\t\t\t\t\t<h2 class=\"elementor-heading-title elementor-size-default\">PARTNERS OF CRONOS.<\/h2>\t\t\t\t<\/div>\n\t\t\t\t<\/div>\n\t\t\t\t<section class=\"elementor-section elementor-inner-section elementor-element elementor-element-7ad8efa elementor-section-boxed elementor-section-height-default elementor-section-height-default\" data-id=\"7ad8efa\" data-element_type=\"section\">\n\t\t\t\t\t\t<div class=\"elementor-container elementor-column-gap-no\">\n\t\t\t\t\t<div class=\"elementor-column elementor-col-25 elementor-inner-column elementor-element elementor-element-c7fbedd\" data-id=\"c7fbedd\" data-element_type=\"column\">\n\t\t\t<div class=\"elementor-widget-wrap elementor-element-populated\">\n\t\t\t\t\t\t<div class=\"elementor-element elementor-element-47717b5 elementor-widget elementor-widget-image\" data-id=\"47717b5\" data-element_type=\"widget\" data-widget_type=\"image.default\">\n\t\t\t\t<div class=\"elementor-widget-container\">\n\t\t\t\t\t\t\t\t\t\t\t\t\t\t\t<img fetchpriority=\"high\" decoding=\"async\" width=\"3000\" height=\"3000\" src=\"https:\/\/cronosgraphics.com\/wp-content\/uploads\/2023\/10\/1.png\" class=\"attachment-full size-full wp-image-2483\" alt=\"\" srcset=\"https:\/\/cronosgraphics.com\/wp-content\/uploads\/2023\/10\/1.png 3000w, https:\/\/cronosgraphics.com\/wp-content\/uploads\/2023\/10\/1-300x300.png 300w, https:\/\/cronosgraphics.com\/wp-content\/uploads\/2023\/10\/1-1024x1024.png 1024w, https:\/\/cronosgraphics.com\/wp-content\/uploads\/2023\/10\/1-150x150.png 150w, https:\/\/cronosgraphics.com\/wp-content\/uploads\/2023\/10\/1-768x768.png 768w, https:\/\/cronosgraphics.com\/wp-content\/uploads\/2023\/10\/1-1536x1536.png 1536w, https:\/\/cronosgraphics.com\/wp-content\/uploads\/2023\/10\/1-2048x2048.png 2048w\" sizes=\"(max-width: 3000px) 100vw, 3000px\" \/>\t\t\t\t\t\t\t\t\t\t\t\t\t\t\t<\/div>\n\t\t\t\t<\/div>\n\t\t\t\t\t<\/div>\n\t\t<\/div>\n\t\t\t\t<div class=\"elementor-column elementor-col-25 elementor-inner-column elementor-element elementor-element-31d4df1\" data-id=\"31d4df1\" data-element_type=\"column\">\n\t\t\t<div class=\"elementor-widget-wrap elementor-element-populated\">\n\t\t\t\t\t\t<div class=\"elementor-element elementor-element-11f33ea elementor-widget elementor-widget-image\" data-id=\"11f33ea\" data-element_type=\"widget\" data-widget_type=\"image.default\">\n\t\t\t\t<div class=\"elementor-widget-container\">\n\t\t\t\t\t\t\t\t\t\t\t\t\t\t\t<img decoding=\"async\" width=\"1024\" height=\"1024\" src=\"https:\/\/cronosgraphics.com\/wp-content\/uploads\/2023\/10\/4-1024x1024.png\" class=\"attachment-large size-large wp-image-2482\" alt=\"\" srcset=\"https:\/\/cronosgraphics.com\/wp-content\/uploads\/2023\/10\/4-1024x1024.png 1024w, https:\/\/cronosgraphics.com\/wp-content\/uploads\/2023\/10\/4-300x300.png 300w, https:\/\/cronosgraphics.com\/wp-content\/uploads\/2023\/10\/4-150x150.png 150w, https:\/\/cronosgraphics.com\/wp-content\/uploads\/2023\/10\/4-768x768.png 768w, https:\/\/cronosgraphics.com\/wp-content\/uploads\/2023\/10\/4-1536x1536.png 1536w, https:\/\/cronosgraphics.com\/wp-content\/uploads\/2023\/10\/4-2048x2048.png 2048w\" sizes=\"(max-width: 1024px) 100vw, 1024px\" \/>\t\t\t\t\t\t\t\t\t\t\t\t\t\t\t<\/div>\n\t\t\t\t<\/div>\n\t\t\t\t\t<\/div>\n\t\t<\/div>\n\t\t\t\t<div class=\"elementor-column elementor-col-25 elementor-inner-column elementor-element elementor-element-a6c3280\" data-id=\"a6c3280\" data-element_type=\"column\">\n\t\t\t<div class=\"elementor-widget-wrap elementor-element-populated\">\n\t\t\t\t\t\t<div class=\"elementor-element elementor-element-a51270f elementor-widget elementor-widget-image\" data-id=\"a51270f\" data-element_type=\"widget\" data-widget_type=\"image.default\">\n\t\t\t\t<div class=\"elementor-widget-container\">\n\t\t\t\t\t\t\t\t\t\t\t\t\t\t\t<img decoding=\"async\" width=\"1024\" height=\"1024\" src=\"https:\/\/cronosgraphics.com\/wp-content\/uploads\/2023\/10\/3-1024x1024.png\" class=\"attachment-large size-large wp-image-2485\" alt=\"\" srcset=\"https:\/\/cronosgraphics.com\/wp-content\/uploads\/2023\/10\/3-1024x1024.png 1024w, https:\/\/cronosgraphics.com\/wp-content\/uploads\/2023\/10\/3-300x300.png 300w, https:\/\/cronosgraphics.com\/wp-content\/uploads\/2023\/10\/3-150x150.png 150w, https:\/\/cronosgraphics.com\/wp-content\/uploads\/2023\/10\/3-768x768.png 768w, https:\/\/cronosgraphics.com\/wp-content\/uploads\/2023\/10\/3-1536x1536.png 1536w, https:\/\/cronosgraphics.com\/wp-content\/uploads\/2023\/10\/3-2048x2048.png 2048w\" sizes=\"(max-width: 1024px) 100vw, 1024px\" \/>\t\t\t\t\t\t\t\t\t\t\t\t\t\t\t<\/div>\n\t\t\t\t<\/div>\n\t\t\t\t\t<\/div>\n\t\t<\/div>\n\t\t\t\t<div class=\"elementor-column elementor-col-25 elementor-inner-column elementor-element elementor-element-b768933\" data-id=\"b768933\" data-element_type=\"column\">\n\t\t\t<div class=\"elementor-widget-wrap elementor-element-populated\">\n\t\t\t\t\t\t<div class=\"elementor-element elementor-element-f281b53 elementor-widget elementor-widget-image\" data-id=\"f281b53\" data-element_type=\"widget\" data-widget_type=\"image.default\">\n\t\t\t\t<div class=\"elementor-widget-container\">\n\t\t\t\t\t\t\t\t\t\t\t\t\t\t\t<img loading=\"lazy\" decoding=\"async\" width=\"1024\" height=\"1024\" src=\"https:\/\/cronosgraphics.com\/wp-content\/uploads\/2023\/10\/2-1024x1024.png\" class=\"attachment-large size-large wp-image-2484\" alt=\"\" srcset=\"https:\/\/cronosgraphics.com\/wp-content\/uploads\/2023\/10\/2-1024x1024.png 1024w, https:\/\/cronosgraphics.com\/wp-content\/uploads\/2023\/10\/2-300x300.png 300w, https:\/\/cronosgraphics.com\/wp-content\/uploads\/2023\/10\/2-150x150.png 150w, https:\/\/cronosgraphics.com\/wp-content\/uploads\/2023\/10\/2-768x768.png 768w, https:\/\/cronosgraphics.com\/wp-content\/uploads\/2023\/10\/2-1536x1536.png 1536w, https:\/\/cronosgraphics.com\/wp-content\/uploads\/2023\/10\/2-2048x2048.png 2048w\" sizes=\"(max-width: 1024px) 100vw, 1024px\" \/>\t\t\t\t\t\t\t\t\t\t\t\t\t\t\t<\/div>\n\t\t\t\t<\/div>\n\t\t\t\t\t<\/div>\n\t\t<\/div>\n\t\t\t\t\t<\/div>\n\t\t<\/section>\n\t\t\t\t\t<\/div>\n\t\t<\/div>\n\t\t\t\t\t<\/div>\n\t\t<\/section>\n\t\t\t\t<\/div>\n\t\t","protected":false},"excerpt":{"rendered":"<p>Sobre Nosotros Nosotros CRONOS. En nuestra empresa, contamos con un equipo de expertos en dise\u00f1o gr\u00e1fico con m\u00e1s de 5 a\u00f1os de experiencia en la industria. Nos especializamos en impulsar y fortalecer marcas a trav\u00e9s de una amplia variedad de estrategias digitales. Nuestro conjunto de habilidades incluye dise\u00f1o gr\u00e1fico y digital de vanguardia, desarrollo web &hellip;<\/p>\n<p class=\"read-more\"> <a class=\"\" href=\"https:\/\/cronosgraphics.com\/index.php\/sobre-nosotros\/\"> <span class=\"screen-reader-text\">Sobre Nosotros<\/span> Leer m\u00e1s &raquo;<\/a><\/p>\n","protected":false},"author":1,"featured_media":0,"parent":0,"menu_order":0,"comment_status":"closed","ping_status":"closed","template":"","meta":{"_uag_custom_page_level_css":"","site-sidebar-layout":"no-sidebar","site-content-layout":"page-builder","ast-global-header-display":"","ast-banner-title-visibility":"","ast-main-header-display":"","ast-hfb-above-header-display":"","ast-hfb-below-header-display":"","ast-hfb-mobile-header-display":"","site-post-title":"disabled","ast-breadcrumbs-content":"disabled","ast-featured-img":"disabled","footer-sml-layout":"","theme-transparent-header-meta":"enabled","adv-header-id-meta":"","stick-header-meta":"","header-above-stick-meta":"","header-main-stick-meta":"","header-below-stick-meta":"","footnotes":""},"uagb_featured_image_src":{"full":false,"thumbnail":false,"medium":false,"medium_large":false,"large":false,"1536x1536":false,"2048x2048":false},"uagb_author_info":{"display_name":"cronosgraphics.com","author_link":"https:\/\/cronosgraphics.com\/index.php\/author\/cronosgraphics-com\/"},"uagb_comment_info":0,"uagb_excerpt":"Sobre Nosotros Nosotros CRONOS. En nuestra empresa, contamos con un equipo de expertos en dise\u00f1o gr\u00e1fico con m\u00e1s de 5 a\u00f1os de experiencia en la industria. Nos especializamos en impulsar y fortalecer marcas a trav\u00e9s de una amplia variedad de estrategias digitales. Nuestro conjunto de habilidades incluye dise\u00f1o gr\u00e1fico y digital de vanguardia, desarrollo web&hellip;","_links":{"self":[{"href":"https:\/\/cronosgraphics.com\/index.php\/wp-json\/wp\/v2\/pages\/2423"}],"collection":[{"href":"https:\/\/cronosgraphics.com\/index.php\/wp-json\/wp\/v2\/pages"}],"about":[{"href":"https:\/\/cronosgraphics.com\/index.php\/wp-json\/wp\/v2\/types\/page"}],"author":[{"embeddable":true,"href":"https:\/\/cronosgraphics.com\/index.php\/wp-json\/wp\/v2\/users\/1"}],"replies":[{"embeddable":true,"href":"https:\/\/cronosgraphics.com\/index.php\/wp-json\/wp\/v2\/comments?post=2423"}],"version-history":[{"count":20,"href":"https:\/\/cronosgraphics.com\/index.php\/wp-json\/wp\/v2\/pages\/2423\/revisions"}],"predecessor-version":[{"id":2585,"href":"https:\/\/cronosgraphics.com\/index.php\/wp-json\/wp\/v2\/pages\/2423\/revisions\/2585"}],"wp:attachment":[{"href":"https:\/\/cronosgraphics.com\/index.php\/wp-json\/wp\/v2\/media?parent=2423"}],"curies":[{"name":"wp","href":"https:\/\/api.w.org\/{rel}","templated":true}]}}